{"id":10,"date":"2017-01-13T08:25:31","date_gmt":"2017-01-13T07:25:31","guid":{"rendered":"http:\/\/www.darul-islah.org\/?page_id=10"},"modified":"2024-10-23T08:15:00","modified_gmt":"2024-10-23T06:15:00","slug":"mitgliedschaft","status":"publish","type":"page","link":"https:\/\/www.darul-islah.org\/index.php\/mitgliedschaft\/","title":{"rendered":"Mitgliedschaft"},"content":{"rendered":"<p>Der Unterricht findet am Hauptsitz der Organisation SIG in Regendorf\u00a0 statt. Die Schulungsr\u00e4ume werden gemietet. Alle Mitglieder inkl. Organisatoren tragen gemeinsam die Mietkosten. Die H\u00f6he der Mitgliederbeitr\u00e4ge richtet sich an die Anzahl der Mitglieder. (Hohe Anzahl Mitglieder = niedrige Mitgliederbeitr\u00e4ge)<\/p>\n<p>Wir sind somit eine non-Profit Organisation. Es wird Transparenz aufgezeigt wie sich die Kosten zusammensetzen. Wir achten auch darauf, dass die Familien mit mehr als 3 Kinder finanziell nicht stark belastet werden.<\/p>\n\n","protected":false},"excerpt":{"rendered":"<p>Der Unterricht findet am Hauptsitz der Organisation SIG in Regendorf\u00a0 statt. Die Schulungsr\u00e4ume werden gemietet. Alle Mitglieder inkl. Organisatoren tragen gemeinsam die Mietkosten. Die H\u00f6he der Mitgliederbeitr\u00e4ge richtet sich an die Anzahl der Mitglieder. (Hohe Anzahl Mitglieder = niedrige Mitgliederbeitr\u00e4ge) <a href=\"https:\/\/www.darul-islah.org\/index.php\/mitgliedschaft\/\" class=\"read-more\">Read More &#8230;<\/a><\/p>\n","protected":false},"author":1,"featured_media":0,"parent":0,"menu_order":0,"comment_status":"closed","ping_status":"closed","template":"","meta":{"footnotes":""},"class_list":["post-10","page","type-page","status-publish","hentry"],"yoast_head":"<!-- This site is optimized with the Yoast SEO plugin v27.0 - https:\/\/yoast.com\/product\/yoast-seo-wordpress\/ -->\n<title>Mitgliedschaft - darul-islah.org<\/title>\n<meta name=\"robots\" content=\"index, follow, max-snippet:-1, max-image-preview:large, max-video-preview:-1\" \/>\n<link rel=\"canonical\" href=\"https:\/\/www.darul-islah.org\/index.php\/mitgliedschaft\/\" \/>\n<meta property=\"og:locale\" content=\"de_DE\" \/>\n<meta property=\"og:type\" content=\"article\" \/>\n<meta property=\"og:title\" content=\"Mitgliedschaft - darul-islah.org\" \/>\n<meta property=\"og:description\" content=\"Der Unterricht findet am Hauptsitz der Organisation SIG in Regendorf\u00a0 statt. Die Schulungsr\u00e4ume werden gemietet. Alle Mitglieder inkl. Organisatoren tragen gemeinsam die Mietkosten. Die H\u00f6he der Mitgliederbeitr\u00e4ge richtet sich an die Anzahl der Mitglieder. (Hohe Anzahl Mitglieder = niedrige Mitgliederbeitr\u00e4ge) Read More ...\" \/>\n<meta property=\"og:url\" content=\"https:\/\/www.darul-islah.org\/index.php\/mitgliedschaft\/\" \/>\n<meta property=\"og:site_name\" content=\"darul-islah.org\" \/>\n<meta property=\"article:publisher\" content=\"https:\/\/www.facebook.com\/darul.islah.verein\/\" \/>\n<meta property=\"article:modified_time\" content=\"2024-10-23T06:15:00+00:00\" \/>\n<meta name=\"twitter:card\" content=\"summary_large_image\" \/>\n<meta name=\"twitter:label1\" content=\"Gesch\u00e4tzte Lesezeit\" \/>\n\t<meta name=\"twitter:data1\" content=\"1\u00a0Minute\" \/>\n<script type=\"application\/ld+json\" class=\"yoast-schema-graph\">{\"@context\":\"https:\/\/schema.org\",\"@graph\":[{\"@type\":\"WebPage\",\"@id\":\"https:\/\/www.darul-islah.org\/index.php\/mitgliedschaft\/\",\"url\":\"https:\/\/www.darul-islah.org\/index.php\/mitgliedschaft\/\",\"name\":\"Mitgliedschaft - darul-islah.org\",\"isPartOf\":{\"@id\":\"https:\/\/www.darul-islah.org\/#website\"},\"datePublished\":\"2017-01-13T07:25:31+00:00\",\"dateModified\":\"2024-10-23T06:15:00+00:00\",\"breadcrumb\":{\"@id\":\"https:\/\/www.darul-islah.org\/index.php\/mitgliedschaft\/#breadcrumb\"},\"inLanguage\":\"de-CH\",\"potentialAction\":[{\"@type\":\"ReadAction\",\"target\":[\"https:\/\/www.darul-islah.org\/index.php\/mitgliedschaft\/\"]}]},{\"@type\":\"BreadcrumbList\",\"@id\":\"https:\/\/www.darul-islah.org\/index.php\/mitgliedschaft\/#breadcrumb\",\"itemListElement\":[{\"@type\":\"ListItem\",\"position\":1,\"name\":\"Home\",\"item\":\"https:\/\/www.darul-islah.org\/\"},{\"@type\":\"ListItem\",\"position\":2,\"name\":\"Mitgliedschaft\"}]},{\"@type\":\"WebSite\",\"@id\":\"https:\/\/www.darul-islah.org\/#website\",\"url\":\"https:\/\/www.darul-islah.org\/\",\"name\":\"darul-islah.org\",\"description\":\"Daru-lislah Verein\",\"publisher\":{\"@id\":\"https:\/\/www.darul-islah.org\/#organization\"},\"potentialAction\":[{\"@type\":\"SearchAction\",\"target\":{\"@type\":\"EntryPoint\",\"urlTemplate\":\"https:\/\/www.darul-islah.org\/?s={search_term_string}\"},\"query-input\":{\"@type\":\"PropertyValueSpecification\",\"valueRequired\":true,\"valueName\":\"search_term_string\"}}],\"inLanguage\":\"de-CH\"},{\"@type\":\"Organization\",\"@id\":\"https:\/\/www.darul-islah.org\/#organization\",\"name\":\"Darul-Islah Verein\",\"url\":\"https:\/\/www.darul-islah.org\/\",\"logo\":{\"@type\":\"ImageObject\",\"inLanguage\":\"de-CH\",\"@id\":\"https:\/\/www.darul-islah.org\/#\/schema\/logo\/image\/\",\"url\":\"https:\/\/www.darul-islah.org\/wp-content\/uploads\/2017\/11\/logo_small.jpg\",\"contentUrl\":\"https:\/\/www.darul-islah.org\/wp-content\/uploads\/2017\/11\/logo_small.jpg\",\"width\":256,\"height\":256,\"caption\":\"Darul-Islah Verein\"},\"image\":{\"@id\":\"https:\/\/www.darul-islah.org\/#\/schema\/logo\/image\/\"},\"sameAs\":[\"https:\/\/www.facebook.com\/darul.islah.verein\/\"]}]}<\/script>\n<!-- \/ Yoast SEO plugin. -->","yoast_head_json":{"title":"Mitgliedschaft - darul-islah.org","robots":{"index":"index","follow":"follow","max-snippet":"max-snippet:-1","max-image-preview":"max-image-preview:large","max-video-preview":"max-video-preview:-1"},"canonical":"https:\/\/www.darul-islah.org\/index.php\/mitgliedschaft\/","og_locale":"de_DE","og_type":"article","og_title":"Mitgliedschaft - darul-islah.org","og_description":"Der Unterricht findet am Hauptsitz der Organisation SIG in Regendorf\u00a0 statt. Die Schulungsr\u00e4ume werden gemietet. Alle Mitglieder inkl. Organisatoren tragen gemeinsam die Mietkosten. Die H\u00f6he der Mitgliederbeitr\u00e4ge richtet sich an die Anzahl der Mitglieder. (Hohe Anzahl Mitglieder = niedrige Mitgliederbeitr\u00e4ge) Read More ...","og_url":"https:\/\/www.darul-islah.org\/index.php\/mitgliedschaft\/","og_site_name":"darul-islah.org","article_publisher":"https:\/\/www.facebook.com\/darul.islah.verein\/","article_modified_time":"2024-10-23T06:15:00+00:00","twitter_card":"summary_large_image","twitter_misc":{"Gesch\u00e4tzte Lesezeit":"1\u00a0Minute"},"schema":{"@context":"https:\/\/schema.org","@graph":[{"@type":"WebPage","@id":"https:\/\/www.darul-islah.org\/index.php\/mitgliedschaft\/","url":"https:\/\/www.darul-islah.org\/index.php\/mitgliedschaft\/","name":"Mitgliedschaft - darul-islah.org","isPartOf":{"@id":"https:\/\/www.darul-islah.org\/#website"},"datePublished":"2017-01-13T07:25:31+00:00","dateModified":"2024-10-23T06:15:00+00:00","breadcrumb":{"@id":"https:\/\/www.darul-islah.org\/index.php\/mitgliedschaft\/#breadcrumb"},"inLanguage":"de-CH","potentialAction":[{"@type":"ReadAction","target":["https:\/\/www.darul-islah.org\/index.php\/mitgliedschaft\/"]}]},{"@type":"BreadcrumbList","@id":"https:\/\/www.darul-islah.org\/index.php\/mitgliedschaft\/#breadcrumb","itemListElement":[{"@type":"ListItem","position":1,"name":"Home","item":"https:\/\/www.darul-islah.org\/"},{"@type":"ListItem","position":2,"name":"Mitgliedschaft"}]},{"@type":"WebSite","@id":"https:\/\/www.darul-islah.org\/#website","url":"https:\/\/www.darul-islah.org\/","name":"darul-islah.org","description":"Daru-lislah Verein","publisher":{"@id":"https:\/\/www.darul-islah.org\/#organization"},"potentialAction":[{"@type":"SearchAction","target":{"@type":"EntryPoint","urlTemplate":"https:\/\/www.darul-islah.org\/?s={search_term_string}"},"query-input":{"@type":"PropertyValueSpecification","valueRequired":true,"valueName":"search_term_string"}}],"inLanguage":"de-CH"},{"@type":"Organization","@id":"https:\/\/www.darul-islah.org\/#organization","name":"Darul-Islah Verein","url":"https:\/\/www.darul-islah.org\/","logo":{"@type":"ImageObject","inLanguage":"de-CH","@id":"https:\/\/www.darul-islah.org\/#\/schema\/logo\/image\/","url":"https:\/\/www.darul-islah.org\/wp-content\/uploads\/2017\/11\/logo_small.jpg","contentUrl":"https:\/\/www.darul-islah.org\/wp-content\/uploads\/2017\/11\/logo_small.jpg","width":256,"height":256,"caption":"Darul-Islah Verein"},"image":{"@id":"https:\/\/www.darul-islah.org\/#\/schema\/logo\/image\/"},"sameAs":["https:\/\/www.facebook.com\/darul.islah.verein\/"]}]}},"_links":{"self":[{"href":"https:\/\/www.darul-islah.org\/index.php\/wp-json\/wp\/v2\/pages\/10","targetHints":{"allow":["GET"]}}],"collection":[{"href":"https:\/\/www.darul-islah.org\/index.php\/wp-json\/wp\/v2\/pages"}],"about":[{"href":"https:\/\/www.darul-islah.org\/index.php\/wp-json\/wp\/v2\/types\/page"}],"author":[{"embeddable":true,"href":"https:\/\/www.darul-islah.org\/index.php\/wp-json\/wp\/v2\/users\/1"}],"replies":[{"embeddable":true,"href":"https:\/\/www.darul-islah.org\/index.php\/wp-json\/wp\/v2\/comments?post=10"}],"version-history":[{"count":2,"href":"https:\/\/www.darul-islah.org\/index.php\/wp-json\/wp\/v2\/pages\/10\/revisions"}],"predecessor-version":[{"id":23353,"href":"https:\/\/www.darul-islah.org\/index.php\/wp-json\/wp\/v2\/pages\/10\/revisions\/23353"}],"wp:attachment":[{"href":"https:\/\/www.darul-islah.org\/index.php\/wp-json\/wp\/v2\/media?parent=10"}],"curies":[{"name":"wp","href":"https:\/\/api.w.org\/{rel}","templated":true}]}}