{"id":16,"date":"2017-01-13T08:29:23","date_gmt":"2017-01-13T07:29:23","guid":{"rendered":"http:\/\/www.darul-islah.org\/?page_id=16"},"modified":"2024-10-23T08:18:13","modified_gmt":"2024-10-23T06:18:13","slug":"islamunterricht-in-regensdorf-zh","status":"publish","type":"page","link":"https:\/\/www.darul-islah.org\/","title":{"rendered":"Islamunterricht in Regensdorf (ZH)"},"content":{"rendered":"<p>Unsere Gemeinschaft hat das Ziel, den Kindern das islamisches Grundwissen gem\u00e4ss authentischen Quellen aus Koran und Hadith zu vermitteln. Ebenso lehren die Kinder die arabische Schrift um den Koran lesen zu k\u00f6nnen. Der Unterricht findet in deutscher Sprache statt. Die Kinder k\u00f6nnen ausserdem ihre Muttersprache Urdu lernen. Anfangs2010 starteten wir Alhamdulillah mit Religionsunterricht\/ Islamunterricht f\u00fcr Kinder und immer mehr Familien sch\u00e4tzen diesen Islamunterricht sehr.<\/p>\n<p>Unser Programm ist in der Schweiz einzigartig, denn wir sind mehr als eine Koranschule. Wir treffen uns am Sonntag sowohl die Eltern als auch Kinder um gemeinsam etwas zu lernen. Wir glauben fest daran, dass eine Erziehung der Kinder nach Regeln des Islams nur dann Fr\u00fcchte tr\u00e4gt, wenn die Eltern auch eine Vorbildfunktion im Alltag ausleben.<\/p>\n<p>Der Verein organisiert ausserdem regelm\u00e4ssig f\u00fcr die Mitglieder Soziale\u00a0und kulturelle Anl\u00e4sse und Zusammenk\u00fcnfte insbesondere an islamischen Feiertagen.<\/p>\n<p>Bei uns sind alle willkommen egal welche islamische Rechtsschule (<em>u\u1e63\u016bl al-fiqh<\/em>) Sie praktizieren. Das oberste Ziel ist es unseren Kindern eine Plattform zu geben, wo sie zusammen unter sich sein k\u00f6nnen um ihre kulturelle und religi\u00f6se Identit\u00e4t zu st\u00e4rken. Das Entwickeln des Selbstbewusst sein ist ebenfalls ein wichtiger Aspekt und geh\u00f6rt zum <a href=\"http:\/\/www.darul-islah.org\/index.php\/programm\/\">Programm<\/a>.<\/p>\n<p><strong>Die Sonntagsschule f\u00fcr Kinder bietet folgende Themenbereiche an.<\/strong><\/p>\n<ul>\n<li>Quran lernen (nach Tajweed Regeln)<\/li>\n<li>Aqeedah, Ibadah, Ikhlaaq<\/li>\n<li>Islamische Geschichte<\/li>\n<li>Malunterricht Basteln f\u00fcr Kleinkinder (Fokus auf den Religion Islam)<\/li>\n<li>Propheten Geschichten<\/li>\n<li>Herausforderungen im Alltag der jugendlichen<\/li>\n<li>Leben nach Quran und Sunnah<\/li>\n<li><span style=\"color: #ff0000;\"><img loading=\"lazy\" decoding=\"async\" class=\"alignnone size-full wp-image-82\" src=\"http:\/\/www.darul-islah.org\/wp-content\/uploads\/2017\/01\/picotgramm_neu.png\" alt=\"\" width=\"31\" height=\"29\" srcset=\"https:\/\/www.darul-islah.org\/wp-content\/uploads\/2017\/01\/picotgramm_neu.png 31w, https:\/\/www.darul-islah.org\/wp-content\/uploads\/2017\/01\/picotgramm_neu-24x22.png 24w\" sizes=\"auto, (max-width: 31px) 100vw, 31px\" \/>\u00a0\u00a0Urdu-Unterricht (lesen-schreiben)<\/span><\/li>\n<\/ul>\n<p>F\u00fcr die erwachsenen Br\u00fcdern und Schwestern wird ein separates Programm aus Tafseer, Tajweed und anderen Themenbereichen erstellt.<\/p>\n<p>Dazu\u00a0findet in getrennten R\u00e4umen ein Dars f\u00fcr die Br\u00fcder und Schwestern statt. Das Programm wird aus Audio und Video Material aus verschiedenen Gelehrten und haupts\u00e4chlich auf Urdu zusammengestellt. Die\u00a0authentisch Quellen sind\u00a0 aus der sunnitischen Glaubensrichtung.<\/p>\n<p>Auch in diesem Forum sprechen wir ebenfalls \u00fcber die Alltagsprobleme und Herausforderungen.<\/p>\n<p>Die Kinder werden in unterschiedlichen Altersgruppen unterrichtet. F\u00fcr Kleinkinder steht ein &#171;Kinderh\u00fcttedienst&#187; in Form von &#171;Spielgruppe&#187; zu Verf\u00fcgung. Somit wird sichergestellt, dass die Eltern ungest\u00f6rt an Dars teilnehmen k\u00f6nnen.<\/p>\n<p>Die Kinder ab 6 Jahre werden in unterschiedlichen Klassen unterrichtet. Es ist uns wichtig dass die Kinder so geschult werden, dass sie sich mit ihrem Glauben identifizieren k\u00f6nnen und sie auch durch ihr Wissen ihren Glauben den &#171;nicht Muslimen&#187; erkl\u00e4ren k\u00f6nnen.<\/p>\n","protected":false},"excerpt":{"rendered":"<p>Unsere Gemeinschaft hat das Ziel, den Kindern das islamisches Grundwissen gem\u00e4ss authentischen Quellen aus Koran und Hadith zu vermitteln. Ebenso lehren die Kinder die arabische Schrift um den Koran lesen zu k\u00f6nnen. Der Unterricht findet in deutscher Sprache statt. Die <a href=\"https:\/\/www.darul-islah.org\/\" class=\"read-more\">Read More &#8230;<\/a><\/p>\n","protected":false},"author":1,"featured_media":22894,"parent":0,"menu_order":0,"comment_status":"closed","ping_status":"closed","template":"","meta":{"footnotes":""},"class_list":["post-16","page","type-page","status-publish","has-post-thumbnail","hentry"],"yoast_head":"<!-- This site is optimized with the Yoast SEO plugin v27.0 - https:\/\/yoast.com\/product\/yoast-seo-wordpress\/ -->\n<title>Islamunterricht | Sonntagsschule | Religionsunterricht |Koran lernen in Kanton Z\u00fcrich<\/title>\n<meta name=\"description\" content=\"Wir sind ein Verein in Regensdorf. Die Kinder lernen bei uns lesen vom Koran und das Grundwissen des Islams sowie Gebete und Rituale aus Koran- und Sunnahquellen. Der Islamunterricht findet jeweils am Sonntag statt. Wir sind mehr als eine Koranschule.\" \/>\n<meta name=\"robots\" content=\"index, follow, max-snippet:-1, max-image-preview:large, max-video-preview:-1\" \/>\n<link rel=\"canonical\" href=\"https:\/\/www.darul-islah.org\/\" \/>\n<meta property=\"og:locale\" content=\"de_DE\" \/>\n<meta property=\"og:type\" content=\"article\" \/>\n<meta property=\"og:title\" content=\"Islamunterricht | Sonntagsschule | Religionsunterricht |Koran lernen in Kanton Z\u00fcrich\" \/>\n<meta property=\"og:description\" content=\"Wir sind ein Verein in Regensdorf. Die Kinder lernen bei uns lesen vom Koran und das Grundwissen des Islams sowie Gebete und Rituale aus Koran- und Sunnahquellen. Der Islamunterricht findet jeweils am Sonntag statt. Wir sind mehr als eine Koranschule.\" \/>\n<meta property=\"og:url\" content=\"https:\/\/www.darul-islah.org\/\" \/>\n<meta property=\"og:site_name\" content=\"darul-islah.org\" \/>\n<meta property=\"article:publisher\" content=\"https:\/\/www.facebook.com\/darul.islah.verein\/\" \/>\n<meta property=\"article:modified_time\" content=\"2024-10-23T06:18:13+00:00\" \/>\n<meta property=\"og:image\" content=\"https:\/\/www.darul-islah.org\/wp-content\/uploads\/2017\/01\/bismillahirrahmanirrahim.png\" \/>\n\t<meta property=\"og:image:width\" content=\"600\" \/>\n\t<meta property=\"og:image:height\" content=\"200\" \/>\n\t<meta property=\"og:image:type\" content=\"image\/png\" \/>\n<meta name=\"twitter:card\" content=\"summary_large_image\" \/>\n<meta name=\"twitter:label1\" content=\"Gesch\u00e4tzte Lesezeit\" \/>\n\t<meta name=\"twitter:data1\" content=\"3\u00a0Minuten\" \/>\n<script type=\"application\/ld+json\" class=\"yoast-schema-graph\">{\"@context\":\"https:\/\/schema.org\",\"@graph\":[{\"@type\":\"WebPage\",\"@id\":\"https:\/\/www.darul-islah.org\/\",\"url\":\"https:\/\/www.darul-islah.org\/\",\"name\":\"Islamunterricht | Sonntagsschule | Religionsunterricht |Koran lernen in Kanton Z\u00fcrich\",\"isPartOf\":{\"@id\":\"https:\/\/www.darul-islah.org\/#website\"},\"primaryImageOfPage\":{\"@id\":\"https:\/\/www.darul-islah.org\/#primaryimage\"},\"image\":{\"@id\":\"https:\/\/www.darul-islah.org\/#primaryimage\"},\"thumbnailUrl\":\"https:\/\/www.darul-islah.org\/wp-content\/uploads\/2017\/01\/bismillahirrahmanirrahim.png\",\"datePublished\":\"2017-01-13T07:29:23+00:00\",\"dateModified\":\"2024-10-23T06:18:13+00:00\",\"description\":\"Wir sind ein Verein in Regensdorf. Die Kinder lernen bei uns lesen vom Koran und das Grundwissen des Islams sowie Gebete und Rituale aus Koran- und Sunnahquellen. Der Islamunterricht findet jeweils am Sonntag statt. Wir sind mehr als eine Koranschule.\",\"breadcrumb\":{\"@id\":\"https:\/\/www.darul-islah.org\/#breadcrumb\"},\"inLanguage\":\"de-CH\",\"potentialAction\":[{\"@type\":\"ReadAction\",\"target\":[\"https:\/\/www.darul-islah.org\/\"]}]},{\"@type\":\"ImageObject\",\"inLanguage\":\"de-CH\",\"@id\":\"https:\/\/www.darul-islah.org\/#primaryimage\",\"url\":\"https:\/\/www.darul-islah.org\/wp-content\/uploads\/2017\/01\/bismillahirrahmanirrahim.png\",\"contentUrl\":\"https:\/\/www.darul-islah.org\/wp-content\/uploads\/2017\/01\/bismillahirrahmanirrahim.png\",\"width\":600,\"height\":200,\"caption\":\"Religionsunterricht\"},{\"@type\":\"BreadcrumbList\",\"@id\":\"https:\/\/www.darul-islah.org\/#breadcrumb\",\"itemListElement\":[{\"@type\":\"ListItem\",\"position\":1,\"name\":\"Home\",\"item\":\"https:\/\/www.darul-islah.org\/\"},{\"@type\":\"ListItem\",\"position\":2,\"name\":\"Islamunterricht in Regensdorf (ZH)\"}]},{\"@type\":\"WebSite\",\"@id\":\"https:\/\/www.darul-islah.org\/#website\",\"url\":\"https:\/\/www.darul-islah.org\/\",\"name\":\"darul-islah.org\",\"description\":\"Daru-lislah Verein\",\"publisher\":{\"@id\":\"https:\/\/www.darul-islah.org\/#organization\"},\"potentialAction\":[{\"@type\":\"SearchAction\",\"target\":{\"@type\":\"EntryPoint\",\"urlTemplate\":\"https:\/\/www.darul-islah.org\/?s={search_term_string}\"},\"query-input\":{\"@type\":\"PropertyValueSpecification\",\"valueRequired\":true,\"valueName\":\"search_term_string\"}}],\"inLanguage\":\"de-CH\"},{\"@type\":\"Organization\",\"@id\":\"https:\/\/www.darul-islah.org\/#organization\",\"name\":\"Darul-Islah Verein\",\"url\":\"https:\/\/www.darul-islah.org\/\",\"logo\":{\"@type\":\"ImageObject\",\"inLanguage\":\"de-CH\",\"@id\":\"https:\/\/www.darul-islah.org\/#\/schema\/logo\/image\/\",\"url\":\"https:\/\/www.darul-islah.org\/wp-content\/uploads\/2017\/11\/logo_small.jpg\",\"contentUrl\":\"https:\/\/www.darul-islah.org\/wp-content\/uploads\/2017\/11\/logo_small.jpg\",\"width\":256,\"height\":256,\"caption\":\"Darul-Islah Verein\"},\"image\":{\"@id\":\"https:\/\/www.darul-islah.org\/#\/schema\/logo\/image\/\"},\"sameAs\":[\"https:\/\/www.facebook.com\/darul.islah.verein\/\"]}]}<\/script>\n<!-- \/ Yoast SEO plugin. -->","yoast_head_json":{"title":"Islamunterricht | Sonntagsschule | Religionsunterricht |Koran lernen in Kanton Z\u00fcrich","description":"Wir sind ein Verein in Regensdorf. Die Kinder lernen bei uns lesen vom Koran und das Grundwissen des Islams sowie Gebete und Rituale aus Koran- und Sunnahquellen. Der Islamunterricht findet jeweils am Sonntag statt. Wir sind mehr als eine Koranschule.","robots":{"index":"index","follow":"follow","max-snippet":"max-snippet:-1","max-image-preview":"max-image-preview:large","max-video-preview":"max-video-preview:-1"},"canonical":"https:\/\/www.darul-islah.org\/","og_locale":"de_DE","og_type":"article","og_title":"Islamunterricht | Sonntagsschule | Religionsunterricht |Koran lernen in Kanton Z\u00fcrich","og_description":"Wir sind ein Verein in Regensdorf. Die Kinder lernen bei uns lesen vom Koran und das Grundwissen des Islams sowie Gebete und Rituale aus Koran- und Sunnahquellen. Der Islamunterricht findet jeweils am Sonntag statt. Wir sind mehr als eine Koranschule.","og_url":"https:\/\/www.darul-islah.org\/","og_site_name":"darul-islah.org","article_publisher":"https:\/\/www.facebook.com\/darul.islah.verein\/","article_modified_time":"2024-10-23T06:18:13+00:00","og_image":[{"width":600,"height":200,"url":"https:\/\/www.darul-islah.org\/wp-content\/uploads\/2017\/01\/bismillahirrahmanirrahim.png","type":"image\/png"}],"twitter_card":"summary_large_image","twitter_misc":{"Gesch\u00e4tzte Lesezeit":"3\u00a0Minuten"},"schema":{"@context":"https:\/\/schema.org","@graph":[{"@type":"WebPage","@id":"https:\/\/www.darul-islah.org\/","url":"https:\/\/www.darul-islah.org\/","name":"Islamunterricht | Sonntagsschule | Religionsunterricht |Koran lernen in Kanton Z\u00fcrich","isPartOf":{"@id":"https:\/\/www.darul-islah.org\/#website"},"primaryImageOfPage":{"@id":"https:\/\/www.darul-islah.org\/#primaryimage"},"image":{"@id":"https:\/\/www.darul-islah.org\/#primaryimage"},"thumbnailUrl":"https:\/\/www.darul-islah.org\/wp-content\/uploads\/2017\/01\/bismillahirrahmanirrahim.png","datePublished":"2017-01-13T07:29:23+00:00","dateModified":"2024-10-23T06:18:13+00:00","description":"Wir sind ein Verein in Regensdorf. Die Kinder lernen bei uns lesen vom Koran und das Grundwissen des Islams sowie Gebete und Rituale aus Koran- und Sunnahquellen. Der Islamunterricht findet jeweils am Sonntag statt. Wir sind mehr als eine Koranschule.","breadcrumb":{"@id":"https:\/\/www.darul-islah.org\/#breadcrumb"},"inLanguage":"de-CH","potentialAction":[{"@type":"ReadAction","target":["https:\/\/www.darul-islah.org\/"]}]},{"@type":"ImageObject","inLanguage":"de-CH","@id":"https:\/\/www.darul-islah.org\/#primaryimage","url":"https:\/\/www.darul-islah.org\/wp-content\/uploads\/2017\/01\/bismillahirrahmanirrahim.png","contentUrl":"https:\/\/www.darul-islah.org\/wp-content\/uploads\/2017\/01\/bismillahirrahmanirrahim.png","width":600,"height":200,"caption":"Religionsunterricht"},{"@type":"BreadcrumbList","@id":"https:\/\/www.darul-islah.org\/#breadcrumb","itemListElement":[{"@type":"ListItem","position":1,"name":"Home","item":"https:\/\/www.darul-islah.org\/"},{"@type":"ListItem","position":2,"name":"Islamunterricht in Regensdorf (ZH)"}]},{"@type":"WebSite","@id":"https:\/\/www.darul-islah.org\/#website","url":"https:\/\/www.darul-islah.org\/","name":"darul-islah.org","description":"Daru-lislah Verein","publisher":{"@id":"https:\/\/www.darul-islah.org\/#organization"},"potentialAction":[{"@type":"SearchAction","target":{"@type":"EntryPoint","urlTemplate":"https:\/\/www.darul-islah.org\/?s={search_term_string}"},"query-input":{"@type":"PropertyValueSpecification","valueRequired":true,"valueName":"search_term_string"}}],"inLanguage":"de-CH"},{"@type":"Organization","@id":"https:\/\/www.darul-islah.org\/#organization","name":"Darul-Islah Verein","url":"https:\/\/www.darul-islah.org\/","logo":{"@type":"ImageObject","inLanguage":"de-CH","@id":"https:\/\/www.darul-islah.org\/#\/schema\/logo\/image\/","url":"https:\/\/www.darul-islah.org\/wp-content\/uploads\/2017\/11\/logo_small.jpg","contentUrl":"https:\/\/www.darul-islah.org\/wp-content\/uploads\/2017\/11\/logo_small.jpg","width":256,"height":256,"caption":"Darul-Islah Verein"},"image":{"@id":"https:\/\/www.darul-islah.org\/#\/schema\/logo\/image\/"},"sameAs":["https:\/\/www.facebook.com\/darul.islah.verein\/"]}]}},"_links":{"self":[{"href":"https:\/\/www.darul-islah.org\/index.php\/wp-json\/wp\/v2\/pages\/16","targetHints":{"allow":["GET"]}}],"collection":[{"href":"https:\/\/www.darul-islah.org\/index.php\/wp-json\/wp\/v2\/pages"}],"about":[{"href":"https:\/\/www.darul-islah.org\/index.php\/wp-json\/wp\/v2\/types\/page"}],"author":[{"embeddable":true,"href":"https:\/\/www.darul-islah.org\/index.php\/wp-json\/wp\/v2\/users\/1"}],"replies":[{"embeddable":true,"href":"https:\/\/www.darul-islah.org\/index.php\/wp-json\/wp\/v2\/comments?post=16"}],"version-history":[{"count":25,"href":"https:\/\/www.darul-islah.org\/index.php\/wp-json\/wp\/v2\/pages\/16\/revisions"}],"predecessor-version":[{"id":23355,"href":"https:\/\/www.darul-islah.org\/index.php\/wp-json\/wp\/v2\/pages\/16\/revisions\/23355"}],"wp:featuredmedia":[{"embeddable":true,"href":"https:\/\/www.darul-islah.org\/index.php\/wp-json\/wp\/v2\/media\/22894"}],"wp:attachment":[{"href":"https:\/\/www.darul-islah.org\/index.php\/wp-json\/wp\/v2\/media?parent=16"}],"curies":[{"name":"wp","href":"https:\/\/api.w.org\/{rel}","templated":true}]}}